{"id":794,"date":"2020-05-13T03:16:46","date_gmt":"2020-05-13T03:16:46","guid":{"rendered":"https:\/\/lovecare.smartdemowp.com\/?page_id=794"},"modified":"2023-01-03T18:17:14","modified_gmt":"2023-01-03T18:17:14","slug":"instalaciones","status":"publish","type":"page","link":"https:\/\/residenciateran.com\/index.php\/instalaciones\/","title":{"rendered":"Instalaciones"},"content":{"rendered":"\t\t<div data-elementor-type=\"wp-page\" data-elementor-id=\"794\" class=\"elementor elementor-794\">\n\t\t\t\t\t\t\t\t\t<section class=\"elementor-section elementor-top-section elementor-element elementor-element-c0838cc elementor-section-stretched elementor-section-boxed elementor-section-height-default elementor-section-height-default\" data-id=\"c0838cc\" data-element_type=\"section\" data-settings=\"{&quot;stretch_section&quot;:&quot;section-stretched&quot;,&quot;background_background&quot;:&quot;classic&quot;}\">\n\t\t\t\t\t\t<div class=\"elementor-container elementor-column-gap-default\">\n\t\t\t\t\t<div class=\"elementor-column elementor-col-100 elementor-top-column elementor-element elementor-element-a647ba9\" data-id=\"a647ba9\" data-element_type=\"column\">\n\t\t\t<div class=\"elementor-widget-wrap elementor-element-populated\">\n\t\t\t\t\t\t\t\t<div class=\"elementor-element elementor-element-a718cda elementor-widget elementor-widget-text-editor\" data-id=\"a718cda\" data-element_type=\"widget\" data-widget_type=\"text-editor.default\">\n\t\t\t\t<div class=\"elementor-widget-container\">\n\t\t\t<style>\/*! elementor - v3.7.8 - 02-10-2022 *\/\n.elementor-widget-text-editor.elementor-drop-cap-view-stacked .elementor-drop-cap{background-color:#818a91;color:#fff}.elementor-widget-text-editor.elementor-drop-cap-view-framed .elementor-drop-cap{color:#818a91;border:3px solid;background-color:transparent}.elementor-widget-text-editor:not(.elementor-drop-cap-view-default) .elementor-drop-cap{margin-top:8px}.elementor-widget-text-editor:not(.elementor-drop-cap-view-default) .elementor-drop-cap-letter{width:1em;height:1em}.elementor-widget-text-editor .elementor-drop-cap{float:left;text-align:center;line-height:1;font-size:50px}.elementor-widget-text-editor .elementor-drop-cap-letter{display:inline-block}<\/style>\t\t\t\tEl edificio est\u00e1 distribuido en 3 plantas sobre rasante y un bajo cubierta. Aproximadamente unos 3.500 metros cuadrados de edificaci\u00f3n, distribuidos en dos zonas diferenciadas, la parte antigua y la parte nueva, cuya obra se termina en el 2017. La zona residencial se compone de 18 habitaciones individuales y 26 compartidas.\n\nEl centro destaca por sus amplios jardines y porche con terraza para deleitarse con el maravilloso paisaje del entorno.\n\t\t\t\t\t\t<\/div>\n\t\t\t\t<\/div>\n\t\t\t\t\t<\/div>\n\t\t<\/div>\n\t\t\t\t\t\t\t<\/div>\n\t\t<\/section>\n\t\t\t\t<section class=\"elementor-section elementor-top-section elementor-element elementor-element-97fe7d2 elementor-section-full_width elementor-section-height-default elementor-section-height-default\" data-id=\"97fe7d2\" data-element_type=\"section\" data-settings=\"{&quot;background_background&quot;:&quot;classic&quot;}\">\n\t\t\t\t\t\t<div class=\"elementor-container elementor-column-gap-default\">\n\t\t\t\t\t<div class=\"elementor-column elementor-col-100 elementor-top-column elementor-element elementor-element-a6ad43b\" data-id=\"a6ad43b\" data-element_type=\"column\">\n\t\t\t<div class=\"elementor-widget-wrap elementor-element-populated\">\n\t\t\t\t\t\t\t\t<div class=\"elementor-element elementor-element-6ef534b elementor-widget elementor-widget-living_option_new\" data-id=\"6ef534b\" data-element_type=\"widget\" data-widget_type=\"living_option_new.default\">\n\t\t\t\t<div class=\"elementor-widget-container\">\n\t\t\t <section class=\"living-option-four\">\n<div class=\"container\">\n\t<div class=\"block-title text-center\">\n\t\t<p><\/p>\n\t\t<h3>INSTALACIONES<\/h3>\n\t<\/div>\n\t<div class=\"row clearfix\">\n\t\t\t\t\t <div class=\"col-lg-6 col-md-6 col-sm-12 single-block\">\n\t\t<div class=\"single-item wow fadeInLeft\" data-wow-duration=\"1500ms\">\n\t\t\t<div class=\"inner-box\">\n\t\t\t\t<figure class=\"image-box\"><img src=\"https:\/\/residenciateran.com\/wp-content\/uploads\/2022\/10\/instalaciones1.jpg\" alt=\"\"><\/figure>\n\t\t\t\t<div class=\"lower-content\">\n\t\t\t\t\t<div class=\"inner\">\n\t\t\t\t\t\t<div class=\"pattern-layer\" style=\"background-image: url(https:\/\/residenciateran.com\/wp-content\/themes\/lovecare\/assets\/images-2\/shape\/shape-35.png);\"><\/div>\n\t\t\t\t\t\t<h3><a href=\"\">PLANTA BAJA<\/a><\/h3>\n\t\t\t\t\t\t<p>Servicios generales: recepci\u00f3n, despachos y zona administrativa, salas de estar, ba\u00f1os comunes, sal\u00f3n de actos, Capilla, comedor principal, gimnasio, sala de actividades. Amplios jardines<\/p>\n\t\t\t\t\t\t<div class=\"btn-box\">\n\t\t\t\t\t\t\t<a href=\"\" class=\"link-btn\"><i class=\"far fa-long-arrow-alt-right\"><\/i><\/a>\n\t\t\t\t\t\t\t<a href=\"\" class=\"thm-btn main-nav-one__btn\"><\/a>\n\t\t\t\t\t\t<\/div>\n\t\t\t\t\t<\/div>\n\t\t\t\t<\/div>\n\t\t\t<\/div>\n\t\t<\/div>\n<\/div> \t\t\t <div class=\"col-lg-6 col-md-6 col-sm-12 single-block\">\n\t\t<div class=\"single-item wow fadeInLeft\" data-wow-duration=\"1500ms\">\n\t\t\t<div class=\"inner-box\">\n\t\t\t\t<figure class=\"image-box\"><img src=\"https:\/\/residenciateran.com\/wp-content\/uploads\/2022\/10\/instalaciones2.jpg\" alt=\"\"><\/figure>\n\t\t\t\t<div class=\"lower-content\">\n\t\t\t\t\t<div class=\"inner\">\n\t\t\t\t\t\t<div class=\"pattern-layer\" style=\"background-image: url(https:\/\/residenciateran.com\/wp-content\/themes\/lovecare\/assets\/images-2\/shape\/shape-35.png);\"><\/div>\n\t\t\t\t\t\t<h3><a href=\"\">PLANTA 1\u00aa<\/a><\/h3>\n\t\t\t\t\t\t<p>Zona dormitorios, sal\u00f3n-comedor, sala de estar, 2 terrazas, almacenes, ba\u00f1os comunes, <\/p>\n\t\t\t\t\t\t<div class=\"btn-box\">\n\t\t\t\t\t\t\t<a href=\"\" class=\"link-btn\"><i class=\"far fa-long-arrow-alt-right\"><\/i><\/a>\n\t\t\t\t\t\t\t<a href=\"\" class=\"thm-btn main-nav-one__btn\"><\/a>\n\t\t\t\t\t\t<\/div>\n\t\t\t\t\t<\/div>\n\t\t\t\t<\/div>\n\t\t\t<\/div>\n\t\t<\/div>\n<\/div> \t\t\t <div class=\"col-lg-6 col-md-6 col-sm-12 single-block\">\n\t\t<div class=\"single-item wow fadeInLeft\" data-wow-duration=\"1500ms\">\n\t\t\t<div class=\"inner-box\">\n\t\t\t\t<figure class=\"image-box\"><img src=\"https:\/\/residenciateran.com\/wp-content\/uploads\/2022\/10\/galeria12.jpg\" alt=\"\"><\/figure>\n\t\t\t\t<div class=\"lower-content\">\n\t\t\t\t\t<div class=\"inner\">\n\t\t\t\t\t\t<div class=\"pattern-layer\" style=\"background-image: url(https:\/\/residenciateran.com\/wp-content\/themes\/lovecare\/assets\/images-2\/shape\/shape-35.png);\"><\/div>\n\t\t\t\t\t\t<h3><a href=\"\">PLANTA 2\u00aa<\/a><\/h3>\n\t\t\t\t\t\t<p>Zona dormitorios, sal\u00f3n-comedor, ba\u00f1os comunes, botiqu\u00edn-despacho de enfermer\u00eda<\/p>\n\t\t\t\t\t\t<div class=\"btn-box\">\n\t\t\t\t\t\t\t<a href=\"\" class=\"link-btn\"><i class=\"far fa-long-arrow-alt-right\"><\/i><\/a>\n\t\t\t\t\t\t\t<a href=\"\" class=\"thm-btn main-nav-one__btn\"><\/a>\n\t\t\t\t\t\t<\/div>\n\t\t\t\t\t<\/div>\n\t\t\t\t<\/div>\n\t\t\t<\/div>\n\t\t<\/div>\n<\/div> \t\t\t <div class=\"col-lg-6 col-md-6 col-sm-12 single-block\">\n\t\t<div class=\"single-item wow fadeInLeft\" data-wow-duration=\"1500ms\">\n\t\t\t<div class=\"inner-box\">\n\t\t\t\t<figure class=\"image-box\"><img src=\"https:\/\/residenciateran.com\/wp-content\/uploads\/2022\/10\/instalaciones4.jpg\" alt=\"\"><\/figure>\n\t\t\t\t<div class=\"lower-content\">\n\t\t\t\t\t<div class=\"inner\">\n\t\t\t\t\t\t<div class=\"pattern-layer\" style=\"background-image: url(https:\/\/residenciateran.com\/wp-content\/themes\/lovecare\/assets\/images-2\/shape\/shape-35.png);\"><\/div>\n\t\t\t\t\t\t<h3><a href=\"\">PLANTA 3\u00aa<\/a><\/h3>\n\t\t\t\t\t\t<p>Vestuarios del personal, sala de reuniones, almacenes<\/p>\n\t\t\t\t\t\t<div class=\"btn-box\">\n\t\t\t\t\t\t\t<a href=\"\" class=\"link-btn\"><i class=\"far fa-long-arrow-alt-right\"><\/i><\/a>\n\t\t\t\t\t\t\t<a href=\"\" class=\"thm-btn main-nav-one__btn\"><\/a>\n\t\t\t\t\t\t<\/div>\n\t\t\t\t\t<\/div>\n\t\t\t\t<\/div>\n\t\t\t<\/div>\n\t\t<\/div>\n<\/div>  \n\n\t<\/div>\n<\/div>\n<\/section> \n\t\t\t\t<\/div>\n\t\t\t\t<\/div>\n\t\t\t\t\t<\/div>\n\t\t<\/div>\n\t\t\t\t\t\t\t<\/div>\n\t\t<\/section>\n\t\t\t\t<section class=\"elementor-section elementor-top-section elementor-element elementor-element-17fc5c3 elementor-section-boxed elementor-section-height-default elementor-section-height-default\" data-id=\"17fc5c3\" data-element_type=\"section\">\n\t\t\t\t\t\t<div class=\"elementor-container elementor-column-gap-default\">\n\t\t\t\t\t<div class=\"elementor-column elementor-col-100 elementor-top-column elementor-element elementor-element-e9fafe1\" data-id=\"e9fafe1\" data-element_type=\"column\">\n\t\t\t<div class=\"elementor-widget-wrap elementor-element-populated\">\n\t\t\t\t\t\t\t\t<div class=\"elementor-element elementor-element-6a96210 elementor-widget elementor-widget-lovecare_portfolio_grid\" data-id=\"6a96210\" data-element_type=\"widget\" data-widget_type=\"lovecare_portfolio_grid.default\">\n\t\t\t\t<div class=\"elementor-widget-container\">\n\t\t\t\t\t<section class=\"portfolio-grid \n\t\t\t\t\t\t\t\t\t\t\t\t\">\n\t\t\t<div class=\"container\">\n\t\t\t\t<div class=\"block-title text-center\">\n\t\t\t\t\t<p ><\/p>\n\t\t\t\t\t<h3 class=\"content_typography\"><\/h3>\t\t\t\t<\/div><!-- \/.block-title -->\n\n\t\t\t\t<ul class=\"post-filter list-unstyled portfolio-filter\">\n\t\t\t\t\t<li data-filter=\".filter-item\" class=\"active\"><span><\/span><\/li>\n\t\t\t\t\t\t\t\t\t<\/ul><!-- \/.post-filter list-unstyled portfolio-filter -->\n\n\t\t\t\t<div class=\"row masonary-layout filter-layout\">\n\t\t\t\t\t\t\t\t\t\t\t<div class=\"col-lg-4 col-md-6 masonary-item filter-item  \">\n\t\t\t\t\t\t\t<div class=\"portfolio-one__single\">\n\t\t\t\t\t\t\t\t<div class=\"portfolio-one__image\">\n\t\t\t\t\t\t\t\t\t<img src=\"https:\/\/residenciateran.com\/wp-content\/uploads\/2022\/11\/SL370573.jpg\" title=\"SL370573\" alt=\"SL370573\" \/>\t\t\t\t\t\t\t\t\t<a href=\"https:\/\/residenciateran.com\/wp-content\/uploads\/2022\/11\/SL370573.jpg\" class=\"img-popup\"><i class=\"fal fa-search\"><\/i><\/a>\n\t\t\t\t\t\t\t\t<\/div><!-- \/.portfolio-one__image -->\n\t\t\t\t\t\t\t<\/div><!-- \/.portfolio-one__single -->\n\t\t\t\t\t\t<\/div>\n\t\t\t\t\t\t\t\t\t\t\t<div class=\"col-lg-4 col-md-6 masonary-item filter-item  \">\n\t\t\t\t\t\t\t<div class=\"portfolio-one__single\">\n\t\t\t\t\t\t\t\t<div class=\"portfolio-one__image\">\n\t\t\t\t\t\t\t\t\t<img src=\"https:\/\/residenciateran.com\/wp-content\/uploads\/2022\/11\/SL370576.jpg\" title=\"SL370576\" alt=\"SL370576\" \/>\t\t\t\t\t\t\t\t\t<a href=\"https:\/\/residenciateran.com\/wp-content\/uploads\/2022\/11\/SL370576.jpg\" class=\"img-popup\"><i class=\"fal fa-search\"><\/i><\/a>\n\t\t\t\t\t\t\t\t<\/div><!-- \/.portfolio-one__image -->\n\t\t\t\t\t\t\t<\/div><!-- \/.portfolio-one__single -->\n\t\t\t\t\t\t<\/div>\n\t\t\t\t\t\t\t\t\t\t\t<div class=\"col-lg-4 col-md-6 masonary-item filter-item  \">\n\t\t\t\t\t\t\t<div class=\"portfolio-one__single\">\n\t\t\t\t\t\t\t\t<div class=\"portfolio-one__image\">\n\t\t\t\t\t\t\t\t\t<img src=\"https:\/\/residenciateran.com\/wp-content\/uploads\/2022\/10\/galeria3.jpg\" title=\"galeria3\" alt=\"galeria3\" \/>\t\t\t\t\t\t\t\t\t<a href=\"https:\/\/residenciateran.com\/wp-content\/uploads\/2022\/10\/galeria3.jpg\" class=\"img-popup\"><i class=\"fal fa-search\"><\/i><\/a>\n\t\t\t\t\t\t\t\t<\/div><!-- \/.portfolio-one__image -->\n\t\t\t\t\t\t\t<\/div><!-- \/.portfolio-one__single -->\n\t\t\t\t\t\t<\/div>\n\t\t\t\t\t\t\t\t\t\t\t<div class=\"col-lg-4 col-md-6 masonary-item filter-item  \">\n\t\t\t\t\t\t\t<div class=\"portfolio-one__single\">\n\t\t\t\t\t\t\t\t<div class=\"portfolio-one__image\">\n\t\t\t\t\t\t\t\t\t<img src=\"https:\/\/residenciateran.com\/wp-content\/uploads\/2022\/10\/galeria4.jpg\" title=\"galeria4\" alt=\"galeria4\" \/>\t\t\t\t\t\t\t\t\t<a href=\"https:\/\/residenciateran.com\/wp-content\/uploads\/2022\/10\/galeria4.jpg\" class=\"img-popup\"><i class=\"fal fa-search\"><\/i><\/a>\n\t\t\t\t\t\t\t\t<\/div><!-- \/.portfolio-one__image -->\n\t\t\t\t\t\t\t<\/div><!-- \/.portfolio-one__single -->\n\t\t\t\t\t\t<\/div>\n\t\t\t\t\t\t\t\t\t\t\t<div class=\"col-lg-4 col-md-6 masonary-item filter-item  \">\n\t\t\t\t\t\t\t<div class=\"portfolio-one__single\">\n\t\t\t\t\t\t\t\t<div class=\"portfolio-one__image\">\n\t\t\t\t\t\t\t\t\t<img src=\"https:\/\/residenciateran.com\/wp-content\/uploads\/2022\/10\/galeria5.jpg\" title=\"galeria5\" alt=\"galeria5\" \/>\t\t\t\t\t\t\t\t\t<a href=\"https:\/\/residenciateran.com\/wp-content\/uploads\/2022\/10\/galeria5.jpg\" class=\"img-popup\"><i class=\"fal fa-search\"><\/i><\/a>\n\t\t\t\t\t\t\t\t<\/div><!-- \/.portfolio-one__image -->\n\t\t\t\t\t\t\t<\/div><!-- \/.portfolio-one__single -->\n\t\t\t\t\t\t<\/div>\n\t\t\t\t\t\t\t\t\t\t\t<div class=\"col-lg-4 col-md-6 masonary-item filter-item  \">\n\t\t\t\t\t\t\t<div class=\"portfolio-one__single\">\n\t\t\t\t\t\t\t\t<div class=\"portfolio-one__image\">\n\t\t\t\t\t\t\t\t\t<img src=\"https:\/\/residenciateran.com\/wp-content\/uploads\/2022\/10\/galeria6.jpg\" title=\"galeria6\" alt=\"galeria6\" \/>\t\t\t\t\t\t\t\t\t<a href=\"https:\/\/residenciateran.com\/wp-content\/uploads\/2022\/10\/galeria6.jpg\" class=\"img-popup\"><i class=\"fal fa-search\"><\/i><\/a>\n\t\t\t\t\t\t\t\t<\/div><!-- \/.portfolio-one__image -->\n\t\t\t\t\t\t\t<\/div><!-- \/.portfolio-one__single -->\n\t\t\t\t\t\t<\/div>\n\t\t\t\t\t\t\t\t\t\t\t<div class=\"col-lg-4 col-md-6 masonary-item filter-item  \">\n\t\t\t\t\t\t\t<div class=\"portfolio-one__single\">\n\t\t\t\t\t\t\t\t<div class=\"portfolio-one__image\">\n\t\t\t\t\t\t\t\t\t<img src=\"https:\/\/residenciateran.com\/wp-content\/uploads\/2022\/10\/galeria7.jpg\" title=\"galeria7\" alt=\"galeria7\" \/>\t\t\t\t\t\t\t\t\t<a href=\"https:\/\/residenciateran.com\/wp-content\/uploads\/2022\/10\/galeria7.jpg\" class=\"img-popup\"><i class=\"fal fa-search\"><\/i><\/a>\n\t\t\t\t\t\t\t\t<\/div><!-- \/.portfolio-one__image -->\n\t\t\t\t\t\t\t<\/div><!-- \/.portfolio-one__single -->\n\t\t\t\t\t\t<\/div>\n\t\t\t\t\t\t\t\t\t\t\t<div class=\"col-lg-4 col-md-6 masonary-item filter-item  \">\n\t\t\t\t\t\t\t<div class=\"portfolio-one__single\">\n\t\t\t\t\t\t\t\t<div class=\"portfolio-one__image\">\n\t\t\t\t\t\t\t\t\t<img src=\"https:\/\/residenciateran.com\/wp-content\/uploads\/2022\/10\/galeria8.jpg\" title=\"galeria8\" alt=\"galeria8\" \/>\t\t\t\t\t\t\t\t\t<a href=\"https:\/\/residenciateran.com\/wp-content\/uploads\/2022\/10\/galeria8.jpg\" class=\"img-popup\"><i class=\"fal fa-search\"><\/i><\/a>\n\t\t\t\t\t\t\t\t<\/div><!-- \/.portfolio-one__image -->\n\t\t\t\t\t\t\t<\/div><!-- \/.portfolio-one__single -->\n\t\t\t\t\t\t<\/div>\n\t\t\t\t\t\t\t\t\t\t\t<div class=\"col-lg-4 col-md-6 masonary-item filter-item  \">\n\t\t\t\t\t\t\t<div class=\"portfolio-one__single\">\n\t\t\t\t\t\t\t\t<div class=\"portfolio-one__image\">\n\t\t\t\t\t\t\t\t\t<img src=\"https:\/\/residenciateran.com\/wp-content\/uploads\/2022\/10\/galeria9.jpg\" title=\"galeria9\" alt=\"galeria9\" \/>\t\t\t\t\t\t\t\t\t<a href=\"https:\/\/residenciateran.com\/wp-content\/uploads\/2022\/10\/galeria9.jpg\" class=\"img-popup\"><i class=\"fal fa-search\"><\/i><\/a>\n\t\t\t\t\t\t\t\t<\/div><!-- \/.portfolio-one__image -->\n\t\t\t\t\t\t\t<\/div><!-- \/.portfolio-one__single -->\n\t\t\t\t\t\t<\/div>\n\t\t\t\t\t\t\t\t\t\t\t<div class=\"col-lg-4 col-md-6 masonary-item filter-item  \">\n\t\t\t\t\t\t\t<div class=\"portfolio-one__single\">\n\t\t\t\t\t\t\t\t<div class=\"portfolio-one__image\">\n\t\t\t\t\t\t\t\t\t<img src=\"https:\/\/residenciateran.com\/wp-content\/uploads\/2022\/12\/RESIDENCIA0049.jpg\" title=\"RESIDENCIA0049\" alt=\"RESIDENCIA0049\" \/>\t\t\t\t\t\t\t\t\t<a href=\"https:\/\/residenciateran.com\/wp-content\/uploads\/2022\/12\/RESIDENCIA0049.jpg\" class=\"img-popup\"><i class=\"fal fa-search\"><\/i><\/a>\n\t\t\t\t\t\t\t\t<\/div><!-- \/.portfolio-one__image -->\n\t\t\t\t\t\t\t<\/div><!-- \/.portfolio-one__single -->\n\t\t\t\t\t\t<\/div>\n\t\t\t\t\t\t\t\t\t\t\t<div class=\"col-lg-4 col-md-6 masonary-item filter-item  \">\n\t\t\t\t\t\t\t<div class=\"portfolio-one__single\">\n\t\t\t\t\t\t\t\t<div class=\"portfolio-one__image\">\n\t\t\t\t\t\t\t\t\t<img src=\"https:\/\/residenciateran.com\/wp-content\/uploads\/2022\/12\/RESIDENCIA0018.jpg\" title=\"RESIDENCIA0018\" alt=\"RESIDENCIA0018\" \/>\t\t\t\t\t\t\t\t\t<a href=\"https:\/\/residenciateran.com\/wp-content\/uploads\/2022\/12\/RESIDENCIA0018.jpg\" class=\"img-popup\"><i class=\"fal fa-search\"><\/i><\/a>\n\t\t\t\t\t\t\t\t<\/div><!-- \/.portfolio-one__image -->\n\t\t\t\t\t\t\t<\/div><!-- \/.portfolio-one__single -->\n\t\t\t\t\t\t<\/div>\n\t\t\t\t\t\t\t\t\t\t\t<div class=\"col-lg-4 col-md-6 masonary-item filter-item  \">\n\t\t\t\t\t\t\t<div class=\"portfolio-one__single\">\n\t\t\t\t\t\t\t\t<div class=\"portfolio-one__image\">\n\t\t\t\t\t\t\t\t\t<img src=\"https:\/\/residenciateran.com\/wp-content\/uploads\/2022\/10\/galeria12.jpg\" title=\"galeria12\" alt=\"galeria12\" \/>\t\t\t\t\t\t\t\t\t<a href=\"https:\/\/residenciateran.com\/wp-content\/uploads\/2022\/10\/galeria12.jpg\" class=\"img-popup\"><i class=\"fal fa-search\"><\/i><\/a>\n\t\t\t\t\t\t\t\t<\/div><!-- \/.portfolio-one__image -->\n\t\t\t\t\t\t\t<\/div><!-- \/.portfolio-one__single -->\n\t\t\t\t\t\t<\/div>\n\t\t\t\t\t\t\t\t\t\t\t<div class=\"col-lg-4 col-md-6 masonary-item filter-item  \">\n\t\t\t\t\t\t\t<div class=\"portfolio-one__single\">\n\t\t\t\t\t\t\t\t<div class=\"portfolio-one__image\">\n\t\t\t\t\t\t\t\t\t<img src=\"https:\/\/residenciateran.com\/wp-content\/uploads\/2022\/12\/RESIDENCIA0010.jpg\" title=\"RESIDENCIA0010\" alt=\"RESIDENCIA0010\" \/>\t\t\t\t\t\t\t\t\t<a href=\"https:\/\/residenciateran.com\/wp-content\/uploads\/2022\/12\/RESIDENCIA0010.jpg\" class=\"img-popup\"><i class=\"fal fa-search\"><\/i><\/a>\n\t\t\t\t\t\t\t\t<\/div><!-- \/.portfolio-one__image -->\n\t\t\t\t\t\t\t<\/div><!-- \/.portfolio-one__single -->\n\t\t\t\t\t\t<\/div>\n\t\t\t\t\t\t\t\t\t\t\t<div class=\"col-lg-4 col-md-6 masonary-item filter-item  \">\n\t\t\t\t\t\t\t<div class=\"portfolio-one__single\">\n\t\t\t\t\t\t\t\t<div class=\"portfolio-one__image\">\n\t\t\t\t\t\t\t\t\t<img src=\"https:\/\/residenciateran.com\/wp-content\/uploads\/2022\/12\/RESIDENCIA0013.jpg\" title=\"RESIDENCIA0013\" alt=\"RESIDENCIA0013\" \/>\t\t\t\t\t\t\t\t\t<a href=\"https:\/\/residenciateran.com\/wp-content\/uploads\/2022\/12\/RESIDENCIA0013.jpg\" class=\"img-popup\"><i class=\"fal fa-search\"><\/i><\/a>\n\t\t\t\t\t\t\t\t<\/div><!-- \/.portfolio-one__image -->\n\t\t\t\t\t\t\t<\/div><!-- \/.portfolio-one__single -->\n\t\t\t\t\t\t<\/div>\n\t\t\t\t\t\t\t\t\t\t\t<div class=\"col-lg-4 col-md-6 masonary-item filter-item  \">\n\t\t\t\t\t\t\t<div class=\"portfolio-one__single\">\n\t\t\t\t\t\t\t\t<div class=\"portfolio-one__image\">\n\t\t\t\t\t\t\t\t\t<img src=\"https:\/\/residenciateran.com\/wp-content\/uploads\/2022\/12\/RESIDENCIA0033.jpg\" title=\"RESIDENCIA0033\" alt=\"RESIDENCIA0033\" \/>\t\t\t\t\t\t\t\t\t<a href=\"https:\/\/residenciateran.com\/wp-content\/uploads\/2022\/12\/RESIDENCIA0033.jpg\" class=\"img-popup\"><i class=\"fal fa-search\"><\/i><\/a>\n\t\t\t\t\t\t\t\t<\/div><!-- \/.portfolio-one__image -->\n\t\t\t\t\t\t\t<\/div><!-- \/.portfolio-one__single -->\n\t\t\t\t\t\t<\/div>\n\t\t\t\t\t\t\t\t\t<\/div><!-- \/.row -->\n\t\t\t\t\t\t\t\t\t\t\t<\/div><!-- \/.container -->\n\t\t<\/section><!-- \/.portfolio-grid -->\n\t\t\t\t<\/div>\n\t\t\t\t<\/div>\n\t\t\t\t\t<\/div>\n\t\t<\/div>\n\t\t\t\t\t\t\t<\/div>\n\t\t<\/section>\n\t\t\t\t\t\t\t<\/div>\n\t\t","protected":false},"excerpt":{"rendered":"<p>El edificio est\u00e1 distribuido en 3 plantas sobre rasante y un bajo cubierta. Aproximadamente unos 3.500 metros cuadrados de edificaci\u00f3n, distribuidos en [&hellip;]<\/p>\n","protected":false},"author":1,"featured_media":2305,"parent":0,"menu_order":0,"comment_status":"closed","ping_status":"closed","template":"elementor_header_footer","meta":{"_themeisle_gutenberg_block_has_review":false},"_links":{"self":[{"href":"https:\/\/residenciateran.com\/index.php\/wp-json\/wp\/v2\/pages\/794"}],"collection":[{"href":"https:\/\/residenciateran.com\/index.php\/wp-json\/wp\/v2\/pages"}],"about":[{"href":"https:\/\/residenciateran.com\/index.php\/wp-json\/wp\/v2\/types\/page"}],"author":[{"embeddable":true,"href":"https:\/\/residenciateran.com\/index.php\/wp-json\/wp\/v2\/users\/1"}],"replies":[{"embeddable":true,"href":"https:\/\/residenciateran.com\/index.php\/wp-json\/wp\/v2\/comments?post=794"}],"version-history":[{"count":60,"href":"https:\/\/residenciateran.com\/index.php\/wp-json\/wp\/v2\/pages\/794\/revisions"}],"predecessor-version":[{"id":2538,"href":"https:\/\/residenciateran.com\/index.php\/wp-json\/wp\/v2\/pages\/794\/revisions\/2538"}],"wp:featuredmedia":[{"embeddable":true,"href":"https:\/\/residenciateran.com\/index.php\/wp-json\/wp\/v2\/media\/2305"}],"wp:attachment":[{"href":"https:\/\/residenciateran.com\/index.php\/wp-json\/wp\/v2\/media?parent=794"}],"curies":[{"name":"wp","href":"https:\/\/api.w.org\/{rel}","templated":true}]}}