{"id":676,"date":"2020-05-12T06:32:23","date_gmt":"2020-05-12T06:32:23","guid":{"rendered":"https:\/\/lovecare.smartdemowp.com\/?page_id=676"},"modified":"2022-10-31T16:56:05","modified_gmt":"2022-10-31T16:56:05","slug":"servicios","status":"publish","type":"page","link":"https:\/\/residenciateran.com\/index.php\/servicios\/","title":{"rendered":"Servicios"},"content":{"rendered":"\t\t<div data-elementor-type=\"wp-page\" data-elementor-id=\"676\" class=\"elementor elementor-676\">\n\t\t\t\t\t\t\t\t\t<section class=\"elementor-section elementor-top-section elementor-element elementor-element-6affacb elementor-section-stretched elementor-section-full_width elementor-section-height-default elementor-section-height-default\" data-id=\"6affacb\" data-element_type=\"section\" data-settings=\"{&quot;stretch_section&quot;:&quot;section-stretched&quot;}\">\n\t\t\t\t\t\t<div class=\"elementor-container elementor-column-gap-no\">\n\t\t\t\t\t<div class=\"elementor-column elementor-col-100 elementor-top-column elementor-element elementor-element-ccd6ecc\" data-id=\"ccd6ecc\" data-element_type=\"column\">\n\t\t\t<div class=\"elementor-widget-wrap elementor-element-populated\">\n\t\t\t\t\t\t\t\t<div class=\"elementor-element elementor-element-2838411 elementor-widget elementor-widget-lovecare_services\" data-id=\"2838411\" data-element_type=\"widget\" data-widget_type=\"lovecare_services.default\">\n\t\t\t\t<div class=\"elementor-widget-container\">\n\t\t\t\t\t\t<section class=\"service-one service-one__home-one\">\n\t\t\t\t<div class=\"container\">\n\t\t\t\t\t<div class=\"block-title text-center\">\n\t\t\t\t\t\t<p >01. Servicios<\/p>\n\t\t\t\t\t\t<h3 class=\"content_typography\">Queremos Mejorar la Calidad de Vida<br> de las personas<\/h3>\t\t\t\t\t<\/div><!-- \/.block-title -->\n\t\t\t\t\t<div class=\"service-one__carousel-two thm__owl-carousel owl-carousel owl-theme\" data-options='{\n\t\t\t\t\t\"items\": 2, \"nav\": false, \"dots\": true, \"margin\": 40, \"loop\": true, \"smartSpeed\": 700, \"autoplay\": true, \"autoplayTimeout\": 5000, \"autoplayHoverPause\": true, \"responsive\": {\n\t\t\t\t\t\t\"0\": {\"items\": 1, \"margin\": 0, \"dots\": false, \"nav\": true },\n\t\t\t\t\t\t\"767\": {\"items\": 1, \"margin\": 0, \"dots\": false, \"nav\": true },\n\t\t\t\t\t\t\"991\": {\"items\": 2, \"margin\": 30},\n\t\t\t\t\t\t\"1199\": {\"items\": 3}\n\t\t\t\t\t}\n\t\t\t\t}'>\n\n\t\t\t\t\t\t\t\t\t\t\t\t\t<div class=\"item\">\n\t\t\t\t\t\t\t\t<div class=\"service-one__single\">\n\t\t\t\t\t\t\t\t\t<div class=\"service-one__content elementor-repeater-item-117a59e\">\n\t\t\t\t\t\t\t\t\t\t<div class=\"service-one__icon elementor-repeater-item-117a59e\">\n\t\t\t\t\t\t\t\t\t\t\t<i aria-hidden=\"true\" class=\" lovecare-icon-disability\"><\/i>\t\t\t\t\t\t\t\t\t\t<\/div><!-- \/.service-one__icon -->\n\t\t\t\t\t\t\t\t\t\t<h3><a href=\"\">Servicios Sanitarios y de rehabiltaci\u00f3n<\/a><\/h3>\n\t\t\t\t\t\t\t\t\t\t<ul><li>Servicio M\u00e9dico del Sistema C\u00e1ntabro de Salud.<\/li><li>Servicio de Enfermer\u00eda 24H<\/li><li>Apoyo en la ABVD (Actividades B\u00e1sicas de la Vida diaria)<\/li><li>Servicio de Fisioterapia<\/li><li>Servicio de Terapia ocupacional<\/li><li>Gesti\u00f3n de Podolog\u00eda.<\/li><\/ul>\t\t\t\t\t\t\t\t\t\t<a ><i class=\"far fa-long-arrow-alt-right\"><\/i><\/a><!-- \/.service-one__link -->\n\t\t\t\t\t\t\t\t\t<\/div><!-- \/.service-one__content -->\n\t\t\t\t\t\t\t\t<\/div><!-- \/.service-one__single -->\n\t\t\t\t\t\t\t<\/div><!-- \/.col-lg-4 -->\n\t\t\t\t\t\t\t\t\t\t\t\t\t\t<div class=\"item\">\n\t\t\t\t\t\t\t\t<div class=\"service-one__single\">\n\t\t\t\t\t\t\t\t\t<div class=\"service-one__content elementor-repeater-item-c50c0ff\">\n\t\t\t\t\t\t\t\t\t\t<div class=\"service-one__icon elementor-repeater-item-c50c0ff\">\n\t\t\t\t\t\t\t\t\t\t\t<i aria-hidden=\"true\" class=\" lovecare-icon-exercise\"><\/i>\t\t\t\t\t\t\t\t\t\t<\/div><!-- \/.service-one__icon -->\n\t\t\t\t\t\t\t\t\t\t<h3><a href=\"\">Servicios Psicosociales<\/a><\/h3>\n\t\t\t\t\t\t\t\t\t\t<ul>\n<li>Servicio de Atenci\u00f3n social<\/li>\n<li>Servicio Religioso<\/li>\n<\/ul>\t\t\t\t\t\t\t\t\t\t<a ><i class=\"far fa-long-arrow-alt-right\"><\/i><\/a><!-- \/.service-one__link -->\n\t\t\t\t\t\t\t\t\t<\/div><!-- \/.service-one__content -->\n\t\t\t\t\t\t\t\t<\/div><!-- \/.service-one__single -->\n\t\t\t\t\t\t\t<\/div><!-- \/.col-lg-4 -->\n\t\t\t\t\t\t\t\t\t\t\t\t\t\t<div class=\"item\">\n\t\t\t\t\t\t\t\t<div class=\"service-one__single\">\n\t\t\t\t\t\t\t\t\t<div class=\"service-one__content elementor-repeater-item-ee53367\">\n\t\t\t\t\t\t\t\t\t\t<div class=\"service-one__icon elementor-repeater-item-ee53367\">\n\t\t\t\t\t\t\t\t\t\t\t<i aria-hidden=\"true\" class=\" lovecare-icon-first-aid\"><\/i>\t\t\t\t\t\t\t\t\t\t<\/div><!-- \/.service-one__icon -->\n\t\t\t\t\t\t\t\t\t\t<h3><a href=\"\">Servicios Generales<\/a><\/h3>\n\t\t\t\t\t\t\t\t\t\t<ul>\n<li>Recepci\u00f3n <\/li>\n<li>Alojamiento (habitaciones dobles e individuales)<\/li>\n<li>Restauraci\u00f3n (dietas adaptadas seg\u00fan necesidades) <\/li>\n<li>Limpieza\/lavander\u00eda <\/li>\n<li>Mantenimiento <\/li>\n<li>Jardiner\u00eda <\/li>\n<li>Peluquer\u00eda <\/li>\n<li>Servicio telef\u00f3nico <\/li>\n<\/ul>\n\t\t\t\t\t\t\t\t\t\t<a ><i class=\"far fa-long-arrow-alt-right\"><\/i><\/a><!-- \/.service-one__link -->\n\t\t\t\t\t\t\t\t\t<\/div><!-- \/.service-one__content -->\n\t\t\t\t\t\t\t\t<\/div><!-- \/.service-one__single -->\n\t\t\t\t\t\t\t<\/div><!-- \/.col-lg-4 -->\n\t\t\t\t\t\t\t\t\t\t\t\t<\/div><!-- \/.row -->\n\t\t\t\t<\/div><!-- \/.container -->\n\t\t\t<\/section><!-- \/.service-one -->\n\t\t\t\t\t\t<\/div>\n\t\t\t\t<\/div>\n\t\t\t\t\t<\/div>\n\t\t<\/div>\n\t\t\t\t\t\t\t<\/div>\n\t\t<\/section>\n\t\t\t\t<section class=\"elementor-section elementor-top-section elementor-element elementor-element-7606650 elementor-section-stretched elementor-section-full_width elementor-section-height-default elementor-section-height-default\" data-id=\"7606650\" data-element_type=\"section\" data-settings=\"{&quot;stretch_section&quot;:&quot;section-stretched&quot;}\">\n\t\t\t\t\t\t<div class=\"elementor-container elementor-column-gap-no\">\n\t\t\t\t\t<div class=\"elementor-column elementor-col-100 elementor-top-column elementor-element elementor-element-5e6465e\" data-id=\"5e6465e\" data-element_type=\"column\">\n\t\t\t<div class=\"elementor-widget-wrap elementor-element-populated\">\n\t\t\t\t\t\t\t\t<div class=\"elementor-element elementor-element-d71f40d elementor-widget elementor-widget-lovecare_cta\" data-id=\"d71f40d\" data-element_type=\"widget\" data-widget_type=\"lovecare_cta.default\">\n\t\t\t\t<div class=\"elementor-widget-container\">\n\t\t\t\t\t\t<section class=\"cta-two\">\n\t\t\t\t<img src=\"https:\/\/residenciateran.com\/wp-content\/themes\/lovecare\/assets\/images\/shapes\/cta-1-1-shape-1.png\" class=\"cta-two__dot-1\" alt=\"\">\n\t\t\t\t<img src=\"https:\/\/residenciateran.com\/wp-content\/themes\/lovecare\/assets\/images\/shapes\/cta-1-1-shape-2.png\" class=\"cta-two__dot-2\" alt=\"\">\n\t\t\t\t<div class=\"container\">\n\t\t\t\t\t<div class=\"row no-gutters\">\n\t\t\t\t\t\t<div class=\"col-lg-6 d-flex justify-content-center align-items-center wow fadeInLeft\" data-wow-duration=\"1500ms\">\n\t\t\t\t\t\t\t<div class=\"cta-two__image\">\n\t\t\t\t\t\t\t\t<img src=\"https:\/\/residenciateran.com\/wp-content\/uploads\/2020\/04\/cta-1-1.jpg\" title=\"cta-1-1\" alt=\"cta-1-1\" \/>\t\t\t\t\t\t\t\t<div class=\"cta-two__image-inner\">\n\t\t\t\t\t\t\t\t\t<div class=\"cta-two__image-content\">\n\t\t\t\t\t\t\t\t\t\t<h3><span class=\"counter\"><\/span>%<!-- \/.coutner --><\/h3>\n\t\t\t\t\t\t\t\t\t\t<p>35 A\u00f1os <br> de experiencia!<\/p>\n\t\t\t\t\t\t\t\t\t<\/div><!-- \/.cta-two__image-content -->\n\t\t\t\t\t\t\t\t<\/div><!-- \/.cta-two__image-inner -->\n\t\t\t\t\t\t\t<\/div><!-- \/.cta-two__image -->\n\t\t\t\t\t\t<\/div><!-- \/.col-lg-6 -->\n\t\t\t\t\t\t<div class=\"col-lg-6\">\n\t\t\t\t\t\t\t<div class=\"cta-two__content\">\n\t\t\t\t\t\t\t\t<h3 class=\"content_typography\">Concierte una cita hoy!<\/h3>\t\t\t\t\t\t\t\t<p>Si quieres conocer nuestra residencia, tener m\u00e1s informaci\u00f3n o necesitas hacer una consulta<\/p>\t\t\t\t\t\t\t\t<a href=\"https:\/\/residenciateran.com\/index.php\/contacto\/\" class=\"thm-btn cta-two__btn\" target=\"_blank\" rel=\"nofollow\">Contacta <\/a><!-- \/.thm-btn cta-two__btn -->\n\t\t\t\t\t\t\t<\/div><!-- \/.cta-two__content -->\n\t\t\t\t\t\t<\/div><!-- \/.col-lg-6 -->\n\t\t\t\t\t<\/div><!-- \/.row no-gutters -->\n\t\t\t\t<\/div><!-- \/.container -->\n\t\t\t<\/section><!-- \/.cta-two -->\n\t\t\t\t\t\t<\/div>\n\t\t\t\t<\/div>\n\t\t\t\t\t<\/div>\n\t\t<\/div>\n\t\t\t\t\t\t\t<\/div>\n\t\t<\/section>\n\t\t\t\t<section class=\"elementor-section elementor-top-section elementor-element elementor-element-edb22d1 elementor-section-stretched elementor-section-full_width elementor-section-height-default elementor-section-height-default\" data-id=\"edb22d1\" data-element_type=\"section\" data-settings=\"{&quot;stretch_section&quot;:&quot;section-stretched&quot;}\">\n\t\t\t\t\t\t<div class=\"elementor-container elementor-column-gap-no\">\n\t\t\t\t\t<div class=\"elementor-column elementor-col-100 elementor-top-column elementor-element elementor-element-e039f73\" data-id=\"e039f73\" data-element_type=\"column\">\n\t\t\t<div class=\"elementor-widget-wrap\">\n\t\t\t\t\t\t\t\t\t<\/div>\n\t\t<\/div>\n\t\t\t\t\t\t\t<\/div>\n\t\t<\/section>\n\t\t\t\t\t\t\t<\/div>\n\t\t","protected":false},"excerpt":{"rendered":"<p>01. Servicios Queremos Mejorar la Calidad de Vida de las personas Servicios Sanitarios y de rehabiltaci\u00f3n Servicio M\u00e9dico del Sistema C\u00e1ntabro de [&hellip;]<\/p>\n","protected":false},"author":1,"featured_media":2255,"parent":0,"menu_order":0,"comment_status":"closed","ping_status":"closed","template":"elementor_header_footer","meta":{"_themeisle_gutenberg_block_has_review":false},"_links":{"self":[{"href":"https:\/\/residenciateran.com\/index.php\/wp-json\/wp\/v2\/pages\/676"}],"collection":[{"href":"https:\/\/residenciateran.com\/index.php\/wp-json\/wp\/v2\/pages"}],"about":[{"href":"https:\/\/residenciateran.com\/index.php\/wp-json\/wp\/v2\/types\/page"}],"author":[{"embeddable":true,"href":"https:\/\/residenciateran.com\/index.php\/wp-json\/wp\/v2\/users\/1"}],"replies":[{"embeddable":true,"href":"https:\/\/residenciateran.com\/index.php\/wp-json\/wp\/v2\/comments?post=676"}],"version-history":[{"count":21,"href":"https:\/\/residenciateran.com\/index.php\/wp-json\/wp\/v2\/pages\/676\/revisions"}],"predecessor-version":[{"id":2287,"href":"https:\/\/residenciateran.com\/index.php\/wp-json\/wp\/v2\/pages\/676\/revisions\/2287"}],"wp:featuredmedia":[{"embeddable":true,"href":"https:\/\/residenciateran.com\/index.php\/wp-json\/wp\/v2\/media\/2255"}],"wp:attachment":[{"href":"https:\/\/residenciateran.com\/index.php\/wp-json\/wp\/v2\/media?parent=676"}],"curies":[{"name":"wp","href":"https:\/\/api.w.org\/{rel}","templated":true}]}}