{"id":660,"date":"2020-05-12T05:57:11","date_gmt":"2020-05-12T05:57:11","guid":{"rendered":"https:\/\/lovecare.smartdemowp.com\/?page_id=660"},"modified":"2022-12-07T10:39:43","modified_gmt":"2022-12-07T10:39:43","slug":"nosotros","status":"publish","type":"page","link":"https:\/\/residenciateran.com\/index.php\/nosotros\/","title":{"rendered":"Nosotros"},"content":{"rendered":"\t\t<div data-elementor-type=\"wp-page\" data-elementor-id=\"660\" class=\"elementor elementor-660\">\n\t\t\t\t\t\t\t\t\t<section class=\"elementor-section elementor-top-section elementor-element elementor-element-51ff284 elementor-section-stretched elementor-section-full_width elementor-section-height-default elementor-section-height-default\" data-id=\"51ff284\" data-element_type=\"section\" data-settings=\"{&quot;stretch_section&quot;:&quot;section-stretched&quot;}\">\n\t\t\t\t\t\t<div class=\"elementor-container elementor-column-gap-no\">\n\t\t\t\t\t<div class=\"elementor-column elementor-col-100 elementor-top-column elementor-element elementor-element-82bf033\" data-id=\"82bf033\" data-element_type=\"column\">\n\t\t\t<div class=\"elementor-widget-wrap elementor-element-populated\">\n\t\t\t\t\t\t\t\t<div class=\"elementor-element elementor-element-05c3bfc elementor-widget elementor-widget-lovecare_abouttab\" data-id=\"05c3bfc\" data-element_type=\"widget\" data-widget_type=\"lovecare_abouttab.default\">\n\t\t\t\t<div class=\"elementor-widget-container\">\n\t\t\t\t\t\t<section class=\"about-one\">\n\t\t\t\t<div class=\"container\">\n\t\t\t\t\t<div class=\"row\">\n\t\t\t\t\t\t<div class=\"col-xl-6\">\n\t\t\t\t\t\t\t<div class=\"about-one__image\">\n\t\t\t\t\t\t\t\t<img src=\"https:\/\/residenciateran.com\/wp-content\/uploads\/2022\/12\/nosotros1.png\" title=\"nosotros1\" alt=\"nosotros1\" \/>\t\t\t\t\t\t\t\t<div class=\"about-one__image-content\">\n\t\t\t\t\t\t\t\t\t<h3>35<\/h3>\n\t\t\t\t\t\t\t\t\t<p>A\u00f1os de Experiencia<\/p>\n\t\t\t\t\t\t\t\t<\/div><!-- \/.about-one__image-content -->\n\t\t\t\t\t\t\t\t\t\t\t\t\t\t\t<\/div><!-- \/.about-one__image -->\n\t\t\t\t\t\t<\/div><!-- \/.col-lg-6 -->\n\t\t\t\t\t\t<div class=\"col-xl-6 d-flex\">\n\t\t\t\t\t\t\t<div class=\"my-auto\">\n\t\t\t\t\t\t\t\t<div class=\"about-one__content\">\n\t\t\t\t\t\t\t\t\t<div class=\"block-title text-left\">\n\t\t\t\t\t\t\t\t\t\t<p class=\"has-line\">01. Nosotros<\/p>\n\t\t\t\t\t\t\t\t\t\t<h3 class=\"content_typography\">RESIDENCIA SANTA ANA, centro gerontol\u00f3gico<\/h3>\t\t\t\t\t\t\t\t\t<\/div><!-- \/.block-title -->\n\t\t\t\t\t\t\t\t\t<div class=\"nav navtabs about-one__tab-title\">\n\t\t\t\t\t\t\t\t\t\t\t\t\t\t\t\t\t\t\t\t\t<a href=\"#la_residencia\" class=\"nav-link active\" data-toggle=\"tab\">La Residencia<\/a>\n\t\t\t\t\t\t\t\t\t\t\t<!-- \/.nav-link -->\n\t\t\t\t\t\t\t\t\t\t\t\t\t\t\t\t\t\t\t\t\t<a href=\"#finalidad\" class=\"nav-link \" data-toggle=\"tab\">Finalidad<\/a>\n\t\t\t\t\t\t\t\t\t\t\t<!-- \/.nav-link -->\n\t\t\t\t\t\t\t\t\t\t\t\t\t\t\t\t\t\t\t<\/div><!-- \/.nav navtabs about-one__tab-title -->\n\t\t\t\t\t\t\t\t\t<div class=\"tab-content\">\n\t\t\t\t\t\t\t\t\t\t\t\t\t\t\t\t\t\t\t\t\t<div class=\"tab-pane fade show active animated fadeInUp\" id=\"la_residencia\">\n\t\t\t\t\t\t\t\t\t\t\t\t<p><p>RESIDENCIA SANTA ANA, es un centro gerontol\u00f3gico abierto, de atenci\u00f3n sanitaria, psicol\u00f3gica y social, en el que viven permanentemente personas mayores con alg\u00fan grado de dependencia. \nEs una Fundaci\u00f3n P\u00eda de car\u00e1cter social, sin \u00e1nimo de lucro y perteneciente al obispado de Santander. Asociado a LARES Cantabria (Sector Solidario). \nDispone de 70 plazas, 55 de ellas concertadas con el Instituto C\u00e1ntabro de Servicios Sociales del Gobierno de Cantabria. <\/p>\n<p>Al hallarse en un medio rural, es f\u00e1cil potenciar el contacto con la naturaleza, prima la existencia de jardines concebidos como lugares de paseo, contemplaci\u00f3n, de relaci\u00f3n social y como recurso terap\u00e9utico.<\/p>\n\n<\/p>\n\t\t\t\t\t\t\t\t\t\t\t\t\t\t\t\t\t\t\t\t\t\t\t<\/div><!-- \/.tab-pane  -->\n\t\t\t\t\t\t\t\t\t\t\t\t\t\t\t\t\t\t\t\t\t<div class=\"tab-pane fade  animated fadeInUp\" id=\"finalidad\">\n\t\t\t\t\t\t\t\t\t\t\t\t<p>Su finalidad es el mantenimiento de la autonom\u00eda de los residentes y compensar las situaciones de dependencia. Todo ello favoreciendo el bienestar de la persona residente, garantizando una atenci\u00f3n integral y creando un ambiente de acogida y respeto en el que pueda desarrollarse en todas sus dimensiones personales. <\/p>\n\t\t\t\t\t\t\t\t\t\t\t\t<img src=\"https:\/\/residenciateran.com\/wp-content\/uploads\/2020\/04\/about-1-1.jpg\" title=\"about-1-1\" alt=\"about-1-1\" \/>\t\t\t\t\t\t\t\t\t\t\t<\/div><!-- \/.tab-pane  -->\n\t\t\t\t\t\t\t\t\t\t\t\t\t\t\t\t\t\t\t<\/div><!-- \/.tab-content -->\n\t\t\t\t\t\t\t\t<\/div><!-- \/.about-one__content -->\n\t\t\t\t\t\t\t<\/div><!-- \/.my-auto -->\n\t\t\t\t\t\t<\/div><!-- \/.col-lg-6 -->\n\t\t\t\t\t<\/div><!-- \/.row -->\n\t\t\t\t<\/div><!-- \/.container -->\n\t\t\t<\/section><!-- \/.about-one -->\n\t\t\t\t\t\t<\/div>\n\t\t\t\t<\/div>\n\t\t\t\t\t<\/div>\n\t\t<\/div>\n\t\t\t\t\t\t\t<\/div>\n\t\t<\/section>\n\t\t\t\t<section class=\"elementor-section elementor-top-section elementor-element elementor-element-2cf8710 elementor-section-stretched elementor-section-full_width elementor-section-height-default elementor-section-height-default\" data-id=\"2cf8710\" data-element_type=\"section\" data-settings=\"{&quot;stretch_section&quot;:&quot;section-stretched&quot;}\">\n\t\t\t\t\t\t<div class=\"elementor-container elementor-column-gap-no\">\n\t\t\t\t\t<div class=\"elementor-column elementor-col-100 elementor-top-column elementor-element elementor-element-71bb7e0\" data-id=\"71bb7e0\" data-element_type=\"column\">\n\t\t\t<div class=\"elementor-widget-wrap elementor-element-populated\">\n\t\t\t\t\t\t\t\t<div class=\"elementor-element elementor-element-b99277b elementor-widget elementor-widget-lovecare_services\" data-id=\"b99277b\" data-element_type=\"widget\" data-widget_type=\"lovecare_services.default\">\n\t\t\t\t<div class=\"elementor-widget-container\">\n\t\t\t\t\t\t<section class=\"service-one service-one__about-one\">\n\t\t\t\t<div class=\"container\">\n\t\t\t\t\t<div class=\"block-title text-center\">\n\t\t\t\t\t\t<p >02. Servicios<\/p>\n\t\t\t\t\t\t<h3 class=\"content_typography\">Los Servicios que prestamos <br>en Residencia Santa Ana<\/h3>\t\t\t\t\t<\/div><!-- \/.block-title -->\n\t\t\t\t\t<div class=\"service-one__carousel owl-carousel thm__owl-carousel owl-theme\" data-options='{\n\t\t\t\t\t\"items\": 2, \"nav\": false, \"dots\": true, \"margin\": 40, \"loop\": true, \"smartSpeed\": 700, \"autoplay\": true, \"autoplayTimeout\": 5000, \"autoplayHoverPause\": true, \"responsive\": {\n\t\t\t\t\t\t\"0\": {\"items\": 1, \"margin\": 0, \"dots\": false, \"nav\": true },\n\t\t\t\t\t\t\"767\": {\"items\": 1, \"margin\": 0, \"dots\": false, \"nav\": true },\n\t\t\t\t\t\t\"991\": {\"items\": 2, \"margin\": 30},\n\t\t\t\t\t\t\"1199\": {\"items\": 3}\n\t\t\t\t\t}\n\t\t\t\t}'>\n\t\t\t\t\t\t\t\t\t\t\t\t\t<div class=\"item\">\n\t\t\t\t\t\t\t\t<div class=\"service-one__single\">\n\t\t\t\t\t\t\t\t\t<div class=\"service-one__image\">\n\t\t\t\t\t\t\t\t\t\t<img src=\"https:\/\/residenciateran.com\/wp-content\/uploads\/2022\/10\/servicios1.jpg\" title=\"servicios1\" alt=\"servicios1\" \/>\t\t\t\t\t\t\t\t\t<\/div><!-- \/.service-one__image -->\n\t\t\t\t\t\t\t\t\t<div class=\"service-one__content\">\n\t\t\t\t\t\t\t\t\t\t<div class=\"service-one__icon elementor-repeater-item-4644746\">\n\t\t\t\t\t\t\t\t\t\t\t<i aria-hidden=\"true\" class=\" lovecare-icon-disability\"><\/i>\t\t\t\t\t\t\t\t\t\t<\/div><!-- \/.service-one__icon -->\n\t\t\t\t\t\t\t\t\t\t<h3><a href=\"https:\/\/residenciateran.com\/index.php\/servicios\/\">Servicios sanitarios y de rehabilitaci\u00f3n <\/a><\/h3>\n\t\t\t\t\t\t\t\t\t\t\t\t\t\t\t\t\t\t\t\t<a class=\"service-one__link\" href=\"https:\/\/residenciateran.com\/index.php\/servicios\/\" target=\"_blank\" rel=\"nofollow\"><i class=\"far fa-long-arrow-alt-right\"><\/i><\/a><!-- \/.service-one__link -->\n\t\t\t\t\t\t\t\t\t<\/div><!-- \/.service-one__content -->\n\t\t\t\t\t\t\t\t<\/div><!-- \/.service-one__single -->\n\t\t\t\t\t\t\t<\/div>\n\t\t\t\t\t\t\t\t\t\t\t\t\t<div class=\"item\">\n\t\t\t\t\t\t\t\t<div class=\"service-one__single\">\n\t\t\t\t\t\t\t\t\t<div class=\"service-one__image\">\n\t\t\t\t\t\t\t\t\t\t<img src=\"https:\/\/residenciateran.com\/wp-content\/uploads\/2022\/10\/servicios2.jpg\" title=\"servicios2\" alt=\"servicios2\" \/>\t\t\t\t\t\t\t\t\t<\/div><!-- \/.service-one__image -->\n\t\t\t\t\t\t\t\t\t<div class=\"service-one__content\">\n\t\t\t\t\t\t\t\t\t\t<div class=\"service-one__icon elementor-repeater-item-f8425f8\">\n\t\t\t\t\t\t\t\t\t\t\t<i aria-hidden=\"true\" class=\" lovecare-icon-brain\"><\/i>\t\t\t\t\t\t\t\t\t\t<\/div><!-- \/.service-one__icon -->\n\t\t\t\t\t\t\t\t\t\t<h3><a href=\"https:\/\/residenciateran.com\/index.php\/servicios\/\">Servicios Psicosociales<\/a><\/h3>\n\t\t\t\t\t\t\t\t\t\t\t\t\t\t\t\t\t\t\t\t<a class=\"service-one__link\" href=\"https:\/\/residenciateran.com\/index.php\/servicios\/\" target=\"_blank\" rel=\"nofollow\"><i class=\"far fa-long-arrow-alt-right\"><\/i><\/a><!-- \/.service-one__link -->\n\t\t\t\t\t\t\t\t\t<\/div><!-- \/.service-one__content -->\n\t\t\t\t\t\t\t\t<\/div><!-- \/.service-one__single -->\n\t\t\t\t\t\t\t<\/div>\n\t\t\t\t\t\t\t\t\t\t\t\t\t<div class=\"item\">\n\t\t\t\t\t\t\t\t<div class=\"service-one__single\">\n\t\t\t\t\t\t\t\t\t<div class=\"service-one__image\">\n\t\t\t\t\t\t\t\t\t\t<img src=\"https:\/\/residenciateran.com\/wp-content\/uploads\/2022\/10\/servicios3.jpg\" title=\"servicios3\" alt=\"servicios3\" \/>\t\t\t\t\t\t\t\t\t<\/div><!-- \/.service-one__image -->\n\t\t\t\t\t\t\t\t\t<div class=\"service-one__content\">\n\t\t\t\t\t\t\t\t\t\t<div class=\"service-one__icon elementor-repeater-item-5d3369c\">\n\t\t\t\t\t\t\t\t\t\t\t<i aria-hidden=\"true\" class=\" lovecare-icon-first-aid\"><\/i>\t\t\t\t\t\t\t\t\t\t<\/div><!-- \/.service-one__icon -->\n\t\t\t\t\t\t\t\t\t\t<h3><a href=\"https:\/\/residenciateran.com\/index.php\/servicios\/\">Servicios Generales<\/a><\/h3>\n\t\t\t\t\t\t\t\t\t\t\t\t\t\t\t\t\t\t\t\t<a class=\"service-one__link\" href=\"https:\/\/residenciateran.com\/index.php\/servicios\/\" target=\"_blank\" rel=\"nofollow\"><i class=\"far fa-long-arrow-alt-right\"><\/i><\/a><!-- \/.service-one__link -->\n\t\t\t\t\t\t\t\t\t<\/div><!-- \/.service-one__content -->\n\t\t\t\t\t\t\t\t<\/div><!-- \/.service-one__single -->\n\t\t\t\t\t\t\t<\/div>\n\t\t\t\t\t\t\t\t\t\t\t<\/div><!-- \/.service-one__carousel -->\n\t\t\t\t<\/div><!-- \/.container -->\n\t\t\t<\/section><!-- \/.service-one -->\n\t\t\t\t\t\t<\/div>\n\t\t\t\t<\/div>\n\t\t\t\t\t<\/div>\n\t\t<\/div>\n\t\t\t\t\t\t\t<\/div>\n\t\t<\/section>\n\t\t\t\t<section class=\"elementor-section elementor-top-section elementor-element elementor-element-4d93cf8 elementor-section-stretched elementor-section-full_width elementor-section-height-default elementor-section-height-default\" data-id=\"4d93cf8\" data-element_type=\"section\" data-settings=\"{&quot;stretch_section&quot;:&quot;section-stretched&quot;}\">\n\t\t\t\t\t\t<div class=\"elementor-container elementor-column-gap-no\">\n\t\t\t\t\t<div class=\"elementor-column elementor-col-100 elementor-top-column elementor-element elementor-element-739f75a\" data-id=\"739f75a\" data-element_type=\"column\">\n\t\t\t<div class=\"elementor-widget-wrap\">\n\t\t\t\t\t\t\t\t\t<\/div>\n\t\t<\/div>\n\t\t\t\t\t\t\t<\/div>\n\t\t<\/section>\n\t\t\t\t\t\t\t<\/div>\n\t\t","protected":false},"excerpt":{"rendered":"<p>35 A\u00f1os de Experiencia 01. Nosotros RESIDENCIA SANTA ANA, centro gerontol\u00f3gico La Residencia Finalidad RESIDENCIA SANTA ANA, es un centro gerontol\u00f3gico abierto, [&hellip;]<\/p>\n","protected":false},"author":1,"featured_media":2228,"parent":0,"menu_order":0,"comment_status":"closed","ping_status":"closed","template":"elementor_header_footer","meta":{"_themeisle_gutenberg_block_has_review":false},"_links":{"self":[{"href":"https:\/\/residenciateran.com\/index.php\/wp-json\/wp\/v2\/pages\/660"}],"collection":[{"href":"https:\/\/residenciateran.com\/index.php\/wp-json\/wp\/v2\/pages"}],"about":[{"href":"https:\/\/residenciateran.com\/index.php\/wp-json\/wp\/v2\/types\/page"}],"author":[{"embeddable":true,"href":"https:\/\/residenciateran.com\/index.php\/wp-json\/wp\/v2\/users\/1"}],"replies":[{"embeddable":true,"href":"https:\/\/residenciateran.com\/index.php\/wp-json\/wp\/v2\/comments?post=660"}],"version-history":[{"count":24,"href":"https:\/\/residenciateran.com\/index.php\/wp-json\/wp\/v2\/pages\/660\/revisions"}],"predecessor-version":[{"id":2499,"href":"https:\/\/residenciateran.com\/index.php\/wp-json\/wp\/v2\/pages\/660\/revisions\/2499"}],"wp:featuredmedia":[{"embeddable":true,"href":"https:\/\/residenciateran.com\/index.php\/wp-json\/wp\/v2\/media\/2228"}],"wp:attachment":[{"href":"https:\/\/residenciateran.com\/index.php\/wp-json\/wp\/v2\/media?parent=660"}],"curies":[{"name":"wp","href":"https:\/\/api.w.org\/{rel}","templated":true}]}}