{"id":2505,"date":"2022-12-07T11:25:38","date_gmt":"2022-12-07T11:25:38","guid":{"rendered":"https:\/\/residenciateran.com\/?page_id=2505"},"modified":"2022-12-07T11:25:38","modified_gmt":"2022-12-07T11:25:38","slug":"aviso-legal","status":"publish","type":"page","link":"https:\/\/residenciateran.com\/index.php\/aviso-legal\/","title":{"rendered":"Aviso legal"},"content":{"rendered":"<p><strong>Propiedad<\/strong><br \/>\nEste portal, cuyo titular es la FUNDACION RESIDENCIA SANTA ANA DE TER\u00c1N DE CABU\u00c9RNIGA, con CIF R3900841B, domicilio Barrio La Torre n\u00ba 3, Ter\u00e1n, 39510-Valle de Cabu\u00e9rniga (Cantabria) y tel\u00e9fono 942 70 60 04, est\u00e1 constituido por el web asociado al dominio residenciateran.com.<\/p>\n<p><strong>Propiedad intelectual e industrial<\/strong><br \/>\nEl dise\u00f1o del portal y sus c\u00f3digos fuente, as\u00ed como los logos, marcas y dem\u00e1s signos distintivos que aparecen en el mismo pertenecen al Centro y est\u00e1n protegidos por los correspondientes derechos de propiedad intelectual e industrial.<\/p>\n<p><strong>Responsabilidad de los contenidos y reproducci\u00f3n de los mismos<\/strong><br \/>\nEl Centro no se hace responsable de la legalidad de otros sitios web de terceros desde los que pueda accederse al portal. El Centro tampoco responde por la legalidad de otros sitios web de terceros, que pudieran estar vinculados o enlazados desde este portal.<br \/>\nEl Centro se reserva el derecho a realizar cambios en el sitio web sin previo aviso, al objeto de mantener actualizada su informaci\u00f3n, a\u00f1adiendo, modificando, corrigiendo o eliminando los contenidos publicados o el dise\u00f1o del portal.<\/p>\n<p>El Centro no ser\u00e1 responsable del uso que terceros hagan de la informaci\u00f3n publicada en el portal, ni tampoco de los da\u00f1os sufridos o p\u00e9rdidas econ\u00f3micas que, de forma directa o indirecta, produzcan o puedan producir perjuicios econ\u00f3micos, materiales o sobre datos, provocados por el uso de dicha informaci\u00f3n.<\/p>\n<p>Se proh\u00edbe la reproducci\u00f3n total o parcial de los contenidos publicados en el portal<\/p>\n<p><strong>Ley aplicable<\/strong><br \/>\nLa ley aplicable en caso de disputa o conflicto de interpretaci\u00f3n de los t\u00e9rminos que conforman este aviso legal, as\u00ed como cualquier cuesti\u00f3n relacionada con los servicios del presente portal, ser\u00e1 la ley espa\u00f1ola.<\/p>\n","protected":false},"excerpt":{"rendered":"<p>Propiedad Este portal, cuyo titular es la FUNDACION RESIDENCIA SANTA ANA DE TER\u00c1N DE CABU\u00c9RNIGA, con CIF R3900841B, domicilio Barrio La Torre [&hellip;]<\/p>\n","protected":false},"author":1,"featured_media":0,"parent":0,"menu_order":0,"comment_status":"closed","ping_status":"closed","template":"","meta":{"_themeisle_gutenberg_block_has_review":false},"_links":{"self":[{"href":"https:\/\/residenciateran.com\/index.php\/wp-json\/wp\/v2\/pages\/2505"}],"collection":[{"href":"https:\/\/residenciateran.com\/index.php\/wp-json\/wp\/v2\/pages"}],"about":[{"href":"https:\/\/residenciateran.com\/index.php\/wp-json\/wp\/v2\/types\/page"}],"author":[{"embeddable":true,"href":"https:\/\/residenciateran.com\/index.php\/wp-json\/wp\/v2\/users\/1"}],"replies":[{"embeddable":true,"href":"https:\/\/residenciateran.com\/index.php\/wp-json\/wp\/v2\/comments?post=2505"}],"version-history":[{"count":1,"href":"https:\/\/residenciateran.com\/index.php\/wp-json\/wp\/v2\/pages\/2505\/revisions"}],"predecessor-version":[{"id":2506,"href":"https:\/\/residenciateran.com\/index.php\/wp-json\/wp\/v2\/pages\/2505\/revisions\/2506"}],"wp:attachment":[{"href":"https:\/\/residenciateran.com\/index.php\/wp-json\/wp\/v2\/media?parent=2505"}],"curies":[{"name":"wp","href":"https:\/\/api.w.org\/{rel}","templated":true}]}}